{"id":479,"date":"2023-10-31T14:13:16","date_gmt":"2023-10-31T13:13:16","guid":{"rendered":"https:\/\/ekorail.eu\/losninger\/eratv-se-%f0%9f%91%80\/"},"modified":"2023-11-13T09:03:26","modified_gmt":"2023-11-13T08:03:26","slug":"eratv-se-%f0%9f%91%80","status":"publish","type":"page","link":"https:\/\/ekorail.eu\/no\/digitalisering\/eratv-se-%f0%9f%91%80\/","title":{"rendered":"ERATV-varsler\ud83d\udce7"},"content":{"rendered":"<p>Vi vil overv\u00e5ke ERATV-databasen og varsle deg via e-post s\u00e5 snart en ERATV-oppf\u00f8ring er endret eller oppdatert &#8211; basert p\u00e5 dine s\u00f8kekriterier.<\/p><p>Buzzwords kan v\u00e6re:  <\/p><ul class=\"wp-block-list\"><li>Siemens<\/li>\n\n<li>Traxx<\/li>\n\n<li>Eurodual<\/li>\n\n<li>11-054-0010*<\/li>\n\n<li>ESC-PL-06-L2<\/li>\n\n<li>ESC-SE<\/li>\n\n<li>&#8230;<\/li><\/ul><p>Interessert? <a href=\"https:\/\/ekorail.eu\/contact\/\" data-type=\"page\" data-id=\"102\">Kontakt meg<\/a> \ud83d\udc4d<\/p>","protected":false},"excerpt":{"rendered":"<p>Vi vil overv\u00e5ke ERATV-databasen og varsle deg via e-post s\u00e5 snart en ERATV-oppf\u00f8ring er endret eller oppdatert &#8211; basert p\u00e5 dine s\u00f8kekriterier. Buzzwords kan v\u00e6re: Interessert? Kontakt meg \ud83d\udc4d<\/p>\n","protected":false},"author":1,"featured_media":0,"parent":477,"menu_order":0,"comment_status":"closed","ping_status":"closed","template":"","meta":{"footnotes":""},"class_list":["post-479","page","type-page","status-publish","hentry"],"_links":{"self":[{"href":"https:\/\/ekorail.eu\/no\/wp-json\/wp\/v2\/pages\/479","targetHints":{"allow":["GET"]}}],"collection":[{"href":"https:\/\/ekorail.eu\/no\/wp-json\/wp\/v2\/pages"}],"about":[{"href":"https:\/\/ekorail.eu\/no\/wp-json\/wp\/v2\/types\/page"}],"author":[{"embeddable":true,"href":"https:\/\/ekorail.eu\/no\/wp-json\/wp\/v2\/users\/1"}],"replies":[{"embeddable":true,"href":"https:\/\/ekorail.eu\/no\/wp-json\/wp\/v2\/comments?post=479"}],"version-history":[{"count":2,"href":"https:\/\/ekorail.eu\/no\/wp-json\/wp\/v2\/pages\/479\/revisions"}],"predecessor-version":[{"id":501,"href":"https:\/\/ekorail.eu\/no\/wp-json\/wp\/v2\/pages\/479\/revisions\/501"}],"up":[{"embeddable":true,"href":"https:\/\/ekorail.eu\/no\/wp-json\/wp\/v2\/pages\/477"}],"wp:attachment":[{"href":"https:\/\/ekorail.eu\/no\/wp-json\/wp\/v2\/media?parent=479"}],"curies":[{"name":"wp","href":"https:\/\/api.w.org\/{rel}","templated":true}]}}