{"id":344,"date":"2023-05-30T11:24:58","date_gmt":"2023-05-30T09:24:58","guid":{"rendered":"https:\/\/ekorail.eu\/om-meg\/"},"modified":"2025-01-31T20:01:03","modified_gmt":"2025-01-31T19:01:03","slug":"om-meg","status":"publish","type":"page","link":"https:\/\/ekorail.eu\/no\/om-meg\/","title":{"rendered":"Om oss"},"content":{"rendered":"<p>&laquo;Om oss&raquo; er for tiden &laquo;om meg&raquo;. Jeg startet EKORAIL i 2023. M\u00e5let mitt er ikke rask vekst, men \u00e5 levere eksepsjonelle l\u00f8sninger av h\u00f8y kvalitet.  <\/p><div class=\"wp-block-columns is-layout-flex wp-container-core-columns-is-layout-28f84493 wp-block-columns-is-layout-flex\"><div class=\"wp-block-column is-layout-flow wp-block-column-is-layout-flow\"><p>Som elektroingeni\u00f8r med mer enn 10 \u00e5rs yrkeserfaring innen vedlikehold av rullende materiell, homologering, digitalisering, prosjektledelse og ledelse, kjenner jeg til de fleste av utfordringene du st\u00e5r overfor som eier eller forvalter av rullende materiell.<\/p>\n\n<p>Kan jeg hjelpe deg? Ring meg p\u00e5 +47 94 44 33 32, send meg en e-post til <a href=\"mailto:moritz@ekorail.eu\">moritz@ekorail.eu<\/a> eller bruk <a href=\"https:\/\/ekorail.eu\/no\/kontakt\/\" data-type=\"page\" data-id=\"102\">kontaktskjemaet<\/a> mitt . <\/p>\n\n<p>Jeg snakker engelsk \ud83c\uddec\ud83c\udde7, tysk \ud83c\udde9\ud83c\uddea og norsk \ud83c\uddf3\ud83c\uddf4.<\/p>\n\n<p>Jeg ble uteksaminert fra det tekniske universitetet i M\u00fcnchen med en mastergrad (b\u00e5de M. Sc. og Dipl.-Ing.), jobbet som leder for verksteder for elektro\/elektronikk for T-Bane M\u00fcnchen og som leder for teknisk service for Railpool. Jeg bor i Oslo, Norge.<\/p><\/div>\n\n<div class=\"wp-block-column is-layout-flow wp-block-column-is-layout-flow\"><figure class=\"wp-block-image aligncenter size-large is-resized\"><img loading=\"lazy\" decoding=\"async\" width=\"669\" height=\"1024\" src=\"http:\/\/ekorail.eu\/wp-content\/uploads\/2023\/08\/Profilbild-669x1024.png\" alt=\"\" class=\"wp-image-189\" style=\"width:217px;height:332px\" srcset=\"https:\/\/ekorail.eu\/wp-content\/uploads\/2023\/08\/Profilbild-669x1024.png 669w, https:\/\/ekorail.eu\/wp-content\/uploads\/2023\/08\/Profilbild-600x919.png 600w, https:\/\/ekorail.eu\/wp-content\/uploads\/2023\/08\/Profilbild-196x300.png 196w, https:\/\/ekorail.eu\/wp-content\/uploads\/2023\/08\/Profilbild.png 732w\" sizes=\"auto, (max-width: 669px) 100vw, 669px\" \/><\/figure><\/div><\/div><h3 class=\"wp-block-heading\">Referanser<\/h3><h4 class=\"wp-block-heading\">Vedlikehold<\/h4><ul class=\"wp-block-list\"><li><strong>Ansvarlig ECM2 for 300+ elektriske lokomotiver<\/strong> @Railpool GmbH, et av de st\u00f8rste fullservice-leasingselskapene i Europa.<\/li>\n\n<li>Ansvarlig for alt <strong>elektrisk vedlikehold og reparasjoner av komponenter<\/strong> til metroen M\u00fcnchen (400 busser). <\/li><\/ul><h4 class=\"wp-block-heading\">Godjenning<\/h4><ul class=\"wp-block-list\"><li>Samarbeid med NSAer i <strong>Norge, Sverige og Tyskland<\/strong> , <strong>European Railway Agency<\/strong> samt NoBos, DeBos, AsBos og produsenter for \u00e5 sikre kontinuerlig drift over hele Europa.<\/li>\n\n<li>Design og introduksjon av en database for \u00e5 holde oversikt over homolagsjonsstatusen til 300+ lokomotiver i 14 land.<\/li>\n\n<li>Vedlikehold av flere nasjonale kj\u00f8ret\u00f8yregistre samt EVR (European Vehicle Register).<\/li><\/ul><h4 class=\"wp-block-heading\">Ledelse<\/h4><ul class=\"wp-block-list\"><li>10+ \u00e5rs erfaring som <strong>leder<\/strong> .<\/li>\n\n<li>Oppsett av <strong>ECM<\/strong> -Organisation for <strong>growth<\/strong> .<\/li>\n\n<li>Forbedring av <strong>ECM-prosesser<\/strong> og vellykkede revisjoner som ECM i henhold til <strong>2019\/779<\/strong> .<\/li>\n\n<li>Introduksjon av <strong>nye kj\u00f8ret\u00f8ytyper<\/strong> i vedlikeholdsorganisasjonen.<\/li>\n\n<li>Teknisk <strong>spesifikasjon av produktkrav<\/strong> ved kj\u00f8p av nye lokomotiver.<\/li><\/ul><h4 class=\"wp-block-heading\">Ingeni\u00f8r- og digitaliseringsprosjekter:<\/h4><ul class=\"wp-block-list\"><li><strong>Feilanalyse<\/strong> p\u00e5 elektriske lokomotiver og vogner og <strong>skifte fra korrigerende til forebyggende<\/strong> vedlikehold.<\/li>\n\n<li>Spesifikasjon og introduksjon av <strong>stordataanalyse av diagnostiske data<\/strong> .<\/li>\n\n<li><strong>Digitalisering<\/strong> av vedlikeholdsprotokoller.<\/li>\n\n<li>Utvikling av en <strong>Hardware-in-the-Loop testbenk<\/strong> for BCUer ( <strong>bremsekontrollenheter<\/strong> ).<\/li>\n\n<li>Planlegging og igangkj\u00f8ring av <strong>h\u00f8yspent testfelt<\/strong> for hjelpeomformere.<\/li>\n\n<li>Spesifikasjon og innf\u00f8ring av et innholdsstyringssystem for <strong>flerspr\u00e5klig vedlikeholdsdokumentasjon<\/strong> .<\/li>\n\n<li>Flere mindre elektronikkprosjekter inkludert mikrokontrollere som Arduino eller Raspberry PI samt programmering i PHP, SQL, JavaScript, C#, Python og MATLAB.<br\/><\/li><\/ul>","protected":false},"excerpt":{"rendered":"<p>&laquo;Om oss&raquo; er for tiden &laquo;om meg&raquo;. Jeg startet EKORAIL i 2023. M\u00e5let mitt er ikke rask vekst, men \u00e5 levere eksepsjonelle l\u00f8sninger av h\u00f8y kvalitet. Som elektroingeni\u00f8r med mer enn 10 \u00e5rs yrkeserfaring innen vedlikehold av rullende materiell, homologering, digitalisering, prosjektledelse og ledelse, kjenner jeg til de fleste av utfordringene du st\u00e5r overfor som [&hellip;]<\/p>\n","protected":false},"author":1,"featured_media":0,"parent":0,"menu_order":0,"comment_status":"closed","ping_status":"closed","template":"","meta":{"footnotes":""},"class_list":["post-344","page","type-page","status-publish","hentry"],"_links":{"self":[{"href":"https:\/\/ekorail.eu\/no\/wp-json\/wp\/v2\/pages\/344","targetHints":{"allow":["GET"]}}],"collection":[{"href":"https:\/\/ekorail.eu\/no\/wp-json\/wp\/v2\/pages"}],"about":[{"href":"https:\/\/ekorail.eu\/no\/wp-json\/wp\/v2\/types\/page"}],"author":[{"embeddable":true,"href":"https:\/\/ekorail.eu\/no\/wp-json\/wp\/v2\/users\/1"}],"replies":[{"embeddable":true,"href":"https:\/\/ekorail.eu\/no\/wp-json\/wp\/v2\/comments?post=344"}],"version-history":[{"count":10,"href":"https:\/\/ekorail.eu\/no\/wp-json\/wp\/v2\/pages\/344\/revisions"}],"predecessor-version":[{"id":796,"href":"https:\/\/ekorail.eu\/no\/wp-json\/wp\/v2\/pages\/344\/revisions\/796"}],"wp:attachment":[{"href":"https:\/\/ekorail.eu\/no\/wp-json\/wp\/v2\/media?parent=344"}],"curies":[{"name":"wp","href":"https:\/\/api.w.org\/{rel}","templated":true}]}}