{"id":1104,"date":"2025-07-03T10:29:42","date_gmt":"2025-07-03T08:29:42","guid":{"rendered":"https:\/\/ekorail.eu\/digitalisering\/digitale-sjekklister\/"},"modified":"2025-07-03T10:32:54","modified_gmt":"2025-07-03T08:32:54","slug":"digitale-sjekklister","status":"publish","type":"page","link":"https:\/\/ekorail.eu\/no\/digitalisering\/digitale-sjekklister\/","title":{"rendered":"Digitale sjekklister \u2705"},"content":{"rendered":"<h4 class=\"wp-block-heading\">Sliter du med ett eller flere av disse problemene?<\/h4><div class=\"wp-block-columns is-layout-flex wp-container-core-columns-is-layout-28f84493 wp-block-columns-is-layout-flex\"><div class=\"wp-block-column is-layout-flow wp-block-column-is-layout-flow\"><p>\u274cPartnerne dine bruker utdaterte sjekklister.<\/p>\n\n<p>\u274cDu mottar ufullstendige sjekklister.<\/p>\n\n<p>\u274cDu kan ikke lese h\u00e5ndskrevne kommentarer eller verdier.<\/p>\n\n<p>\u274cSliter du med \u00e5 holde sjekklistene dine oppdaterte for alle varianter p\u00e5 alle spr\u00e5k?<\/p><\/div>\n\n<div class=\"wp-block-column is-layout-flow wp-block-column-is-layout-flow\"><figure class=\"wp-block-image size-large\"><img loading=\"lazy\" decoding=\"async\" width=\"701\" height=\"1024\" src=\"https:\/\/ekorail.eu\/wp-content\/uploads\/2025\/07\/checklist_crop-701x1024.jpg\" alt=\"\" class=\"wp-image-1092\" style=\"object-fit:cover\" srcset=\"https:\/\/ekorail.eu\/wp-content\/uploads\/2025\/07\/checklist_crop-701x1024.jpg 701w, https:\/\/ekorail.eu\/wp-content\/uploads\/2025\/07\/checklist_crop-205x300.jpg 205w, https:\/\/ekorail.eu\/wp-content\/uploads\/2025\/07\/checklist_crop-768x1121.jpg 768w, https:\/\/ekorail.eu\/wp-content\/uploads\/2025\/07\/checklist_crop-1052x1536.jpg 1052w, https:\/\/ekorail.eu\/wp-content\/uploads\/2025\/07\/checklist_crop-600x876.jpg 600w, https:\/\/ekorail.eu\/wp-content\/uploads\/2025\/07\/checklist_crop.jpg 1397w\" sizes=\"auto, (max-width: 701px) 100vw, 701px\" \/><\/figure><\/div><\/div><div style=\"height:100px\" aria-hidden=\"true\" class=\"wp-block-spacer\"><\/div><h4 class=\"wp-block-heading\">Sammen med v\u00e5r partner <a href=\"https:\/\/flowdit.com\" data-type=\"link\" data-id=\"https:\/\/flowdit.com\">flowdit.com<\/a> st\u00f8tter vi deg i overgangen til digitale sjekklister.<\/h4><div class=\"wp-block-columns is-layout-flex wp-container-core-columns-is-layout-28f84493 wp-block-columns-is-layout-flex\"><div class=\"wp-block-column is-layout-flow wp-block-column-is-layout-flow\"><p>\u2705Sjekklistene oppdateres for alle brukere sekunder etter at du har redigert dem.<br\/><br\/>\u2705Sjekklister kan ikke fylles ut s\u00e5 lenge det mangler informasjon.<br\/><br\/>\u2705Flerspr\u00e5klig, regelbasert sjekklisteinnhold. \u00c9n hovedsjekkliste, mange varianter!<br\/><br\/>\u2705Motta alle sjekklister sekunder etter ferdigstillelse som formatert PDF eller som maskinlesbar JSON-fil.<br\/><br\/>\u2705S\u00f8ml\u00f8s integrering med IT-systemene dine.<\/p>\n\n<p><br\/>\u2705 Dine ansatte kan bruke eksisterende enheter, eller vi kan levere robuste, fjernstyrte nettbrett med LTE\/5G-tilkobling hvis det er n\u00f8dvendig.<\/p><\/div>\n\n<div class=\"wp-block-column is-layout-flow wp-block-column-is-layout-flow\"><figure class=\"wp-block-image size-large\"><img loading=\"lazy\" decoding=\"async\" width=\"773\" height=\"1024\" src=\"https:\/\/ekorail.eu\/wp-content\/uploads\/2025\/07\/tablet_rugged_cropped-773x1024.jpg\" alt=\"\" class=\"wp-image-1098\" srcset=\"https:\/\/ekorail.eu\/wp-content\/uploads\/2025\/07\/tablet_rugged_cropped-773x1024.jpg 773w, https:\/\/ekorail.eu\/wp-content\/uploads\/2025\/07\/tablet_rugged_cropped-226x300.jpg 226w, https:\/\/ekorail.eu\/wp-content\/uploads\/2025\/07\/tablet_rugged_cropped-768x1018.jpg 768w, https:\/\/ekorail.eu\/wp-content\/uploads\/2025\/07\/tablet_rugged_cropped-600x795.jpg 600w, https:\/\/ekorail.eu\/wp-content\/uploads\/2025\/07\/tablet_rugged_cropped.jpg 1028w\" sizes=\"auto, (max-width: 773px) 100vw, 773px\" \/><\/figure>\n\n<figure class=\"wp-block-image size-large\"><img loading=\"lazy\" decoding=\"async\" width=\"1024\" height=\"176\" src=\"http:\/\/ekorail.eu\/wp-content\/uploads\/2025\/07\/flowdit-logo-1024x176.jpeg\" alt=\"\" class=\"wp-image-1095\" srcset=\"https:\/\/ekorail.eu\/wp-content\/uploads\/2025\/07\/flowdit-logo-1024x176.jpeg 1024w, https:\/\/ekorail.eu\/wp-content\/uploads\/2025\/07\/flowdit-logo-300x52.jpeg 300w, https:\/\/ekorail.eu\/wp-content\/uploads\/2025\/07\/flowdit-logo-768x132.jpeg 768w, https:\/\/ekorail.eu\/wp-content\/uploads\/2025\/07\/flowdit-logo-1536x265.jpeg 1536w, https:\/\/ekorail.eu\/wp-content\/uploads\/2025\/07\/flowdit-logo-600x103.jpeg 600w, https:\/\/ekorail.eu\/wp-content\/uploads\/2025\/07\/flowdit-logo.jpeg 1544w\" sizes=\"auto, (max-width: 1024px) 100vw, 1024px\" \/><\/figure><\/div><\/div><div class=\"wp-block-columns is-layout-flex wp-container-core-columns-is-layout-28f84493 wp-block-columns-is-layout-flex\"><div class=\"wp-block-column is-layout-flow wp-block-column-is-layout-flow\"><p><\/p><\/div>\n\n<div class=\"wp-block-column is-layout-flow wp-block-column-is-layout-flow\"><\/div><\/div><form method=\"post\" class=\"wp-block-gutena-forms gutena-forms-contact-form gutena_forms_ID_f23da837c2_37202510101 after_submit_message is-layout-flow wp-container-gutena-forms-is-layout-00b5b574 wp-block-gutena-forms-is-layout-flow\" style=\"padding-top:2rem;padding-bottom:5rem\"><input type=\"hidden\" name=\"formid\" value=\"gutena_forms_ID_f23da837c2_37202510101\"\/><div class=\"wp-block-gutena-field-group  field-group-type-text is-layout-flow wp-block-gutena-field-group-is-layout-flow\"><div class=\"wp-block-group is-vertical is-layout-flex wp-container-core-group-is-layout-501cef26 wp-block-group-is-layout-flex\"><h3 class=\"wp-block-heading heading-input-label-gutena\">Fornavn<\/h3>\n\n<div class=\"gutena-forms-text-field field-name-first_name  wp-block-gutena-form-field\"><input \n\t\t\t\t name=\"first_name\" type=\"text\" class=\"gutena-forms-field text-field required-field  \" placeholder=\"Enter your first name\"  required \n\t\t\t\t\/><\/div><\/div>\n\n<p class=\"gutena-forms-field-error-msg\"><\/p><\/div>\n\n<div class=\"wp-block-gutena-field-group  field-group-type-text is-layout-flow wp-block-gutena-field-group-is-layout-flow\"><div class=\"wp-block-group is-vertical is-layout-flex wp-container-core-group-is-layout-501cef26 wp-block-group-is-layout-flex\"><h3 class=\"wp-block-heading heading-input-label-gutena\">Etternavn<\/h3>\n\n<div class=\"gutena-forms-text-field field-name-last_name  wp-block-gutena-form-field\"><input \n\t\t\t\t name=\"last_name\" type=\"text\" class=\"gutena-forms-field text-field required-field  \" placeholder=\"Enter your last name\"  required \n\t\t\t\t\/><\/div><\/div>\n\n<p class=\"gutena-forms-field-error-msg\"><\/p><\/div>\n\n<div class=\"wp-block-gutena-field-group  field-group-type-email is-layout-flow wp-block-gutena-field-group-is-layout-flow\"><div class=\"wp-block-group is-vertical is-layout-flex wp-container-core-group-is-layout-501cef26 wp-block-group-is-layout-flex\"><h3 class=\"wp-block-heading heading-input-label-gutena\">E-post<\/h3>\n\n<div class=\"gutena-forms-email-field field-name-email  wp-block-gutena-form-field\"><input \n\t\t\t\t name=\"email\" type=\"email\" class=\"gutena-forms-field email-field required-field  \" placeholder=\"example@gmail.com\"  required \n\t\t\t\t\/><\/div><\/div>\n\n<p class=\"gutena-forms-field-error-msg\"><\/p><\/div>\n\n<div class=\"wp-block-gutena-field-group  field-group-type-text is-layout-flow wp-block-gutena-field-group-is-layout-flow\"><div class=\"wp-block-group is-vertical is-layout-flex wp-container-core-group-is-layout-501cef26 wp-block-group-is-layout-flex\"><h3 class=\"wp-block-heading heading-input-label-gutena\">Emne<\/h3>\n\n<div class=\"gutena-forms-text-field field-name-subject  wp-block-gutena-form-field\"><input \n\t\t\t\t name=\"subject\" type=\"text\" class=\"gutena-forms-field text-field required-field  \" placeholder=\"Subject\"  required \n\t\t\t\t\/><\/div><\/div>\n\n<p class=\"gutena-forms-field-error-msg\"><\/p><\/div>\n\n<div class=\"wp-block-gutena-field-group  field-group-type-textarea is-layout-flow wp-block-gutena-field-group-is-layout-flow\"><div class=\"wp-block-group is-vertical is-layout-flex wp-container-core-group-is-layout-501cef26 wp-block-group-is-layout-flex\"><h3 class=\"wp-block-heading heading-input-label-gutena\">Beskjed<\/h3>\n\n<div class=\"gutena-forms-textarea-field field-name-message  wp-block-gutena-form-field\"><textarea \n\t\t\t\t name=\"message\" rows=\"5\" class=\"gutena-forms-field textarea-field required-field  \" placeholder=\"Type here\"  required \n\t\t\t\t><\/textarea><\/div><\/div>\n\n<p class=\"gutena-forms-field-error-msg\"><\/p><\/div>\n\n<div class=\"wp-block-buttons gutena-forms-submit-buttons is-layout-flex wp-block-buttons-is-layout-flex\"><div class=\"wp-block-button gutena-forms-submit-button\"><button class=\"wp-block-button__link wp-element-button\">Send inn<\/button><\/div><\/div>\n\n<div class=\"wp-block-gutena-form-confirm-msg is-layout-flow wp-block-gutena-form-confirm-msg-is-layout-flow\"><div class=\"wp-block-group has-background is-content-justification-left is-nowrap is-layout-flex wp-container-core-group-is-layout-385d3396 wp-block-group-is-layout-flex\" style=\"border-radius:5px;background-color:#d8eacc;padding-top:12px;padding-right:12px;padding-bottom:12px;padding-left:12px\"><figure class=\"wp-block-image size-large form-message-icon\"><img decoding=\"async\" src=\"data:image\/svg+xml;base64,PHN2ZyB3aWR0aD0iMTYiIGhlaWdodD0iMTYiIHZpZXdCb3g9IjAgMCAxNiAxNiIgZmlsbD0ibm9uZSIgeG1sbnM9Imh0dHA6Ly93d3cudzMub3JnLzIwMDAvc3ZnIj4KPHBhdGggZD0iTTggMTZDMy41ODE2IDE2IDAgMTIuNDE4NCAwIDhDMCAzLjU4MTYgMy41ODE2IDAgOCAwQzEyLjQxODQgMCAxNiAzLjU4MTYgMTYgOEMxNiAxMi40MTg0IDEyLjQxODQgMTYgOCAxNlpNOCAxNC40QzkuNjk3MzkgMTQuNCAxMS4zMjUzIDEzLjcyNTcgMTIuNTI1NSAxMi41MjU1QzEzLjcyNTcgMTEuMzI1MyAxNC40IDkuNjk3MzkgMTQuNCA4QzE0LjQgNi4zMDI2MSAxMy43MjU3IDQuNjc0NzUgMTIuNTI1NSAzLjQ3NDUyQzExLjMyNTMgMi4yNzQyOCA5LjY5NzM5IDEuNiA4IDEuNkM2LjMwMjYxIDEuNiA0LjY3NDc1IDIuMjc0MjggMy40NzQ1MiAzLjQ3NDUyQzIuMjc0MjggNC42NzQ3NSAxLjYgNi4zMDI2MSAxLjYgOEMxLjYgOS42OTczOSAyLjI3NDI4IDExLjMyNTMgMy40NzQ1MiAxMi41MjU1QzQuNjc0NzUgMTMuNzI1NyA2LjMwMjYxIDE0LjQgOCAxNC40Wk03LjIwMjQgMTEuMkwzLjgwOCA3LjgwNTZMNC45MzkyIDYuNjc0NEw3LjIwMjQgOC45Mzc2TDExLjcyNzIgNC40MTJMMTIuODU5MiA1LjU0MzJMNy4yMDI0IDExLjJaIiBmaWxsPSIjNDY4NDFFIi8+Cjwvc3ZnPgo=\" alt=\"Suksess\" class=\"wp-image-3811\"\/><\/figure>\n\n<p class=\"has-black-color has-text-color has-tiny-font-size\" style=\"font-size:12px;font-style:normal;font-weight:500;line-height:1.2\">Skjemaet er sendt inn!<\/p><\/div><\/div>\n\n<div class=\"wp-block-gutena-form-error-msg is-layout-flow wp-block-gutena-form-error-msg-is-layout-flow\"><div class=\"wp-block-group has-background is-content-justification-left is-nowrap is-layout-flex wp-container-core-group-is-layout-385d3396 wp-block-group-is-layout-flex\" style=\"border-radius:5px;background-color:#ffd3d3;padding-top:12px;padding-right:12px;padding-bottom:12px;padding-left:12px\"><figure class=\"wp-block-image size-large form-message-icon\"><img decoding=\"async\" src=\"data:image\/svg+xml;base64,PHN2ZyB3aWR0aD0iMTYiIGhlaWdodD0iMTYiIHZpZXdCb3g9IjAgMCAxNiAxNiIgZmlsbD0ibm9uZSIgeG1sbnM9Imh0dHA6Ly93d3cudzMub3JnLzIwMDAvc3ZnIj4KPHBhdGggZD0iTTggMTZDMy41ODE2IDE2IDAgMTIuNDE4NCAwIDhDMCAzLjU4MTYgMy41ODE2IDAgOCAwQzEyLjQxODQgMCAxNiAzLjU4MTYgMTYgOEMxNiAxMi40MTg0IDEyLjQxODQgMTYgOCAxNlpNOCAxNC40QzkuNjk3MzkgMTQuNCAxMS4zMjUzIDEzLjcyNTcgMTIuNTI1NSAxMi41MjU1QzEzLjcyNTcgMTEuMzI1MyAxNC40IDkuNjk3MzkgMTQuNCA4QzE0LjQgNi4zMDI2MSAxMy43MjU3IDQuNjc0NzUgMTIuNTI1NSAzLjQ3NDUyQzExLjMyNTMgMi4yNzQyOCA5LjY5NzM5IDEuNiA4IDEuNkM2LjMwMjYxIDEuNiA0LjY3NDc1IDIuMjc0MjggMy40NzQ1MiAzLjQ3NDUyQzIuMjc0MjggNC42NzQ3NSAxLjYgNi4zMDI2MSAxLjYgOEMxLjYgOS42OTczOSAyLjI3NDI4IDExLjMyNTMgMy40NzQ1MiAxMi41MjU1QzQuNjc0NzUgMTMuNzI1NyA2LjMwMjYxIDE0LjQgOCAxNC40Wk03LjIgMTAuNEg4LjhWMTJINy4yVjEwLjRaTTcuMiA0SDguOFY4LjhINy4yVjRaIiBmaWxsPSIjQzUxOTE5Ii8+Cjwvc3ZnPgo=\" alt=\"Feil\" class=\"wp-image-3811\"\/><\/figure>\n\n<p class=\"gutena-forms-error-text has-black-color has-text-color\" style=\"font-size:12px;font-style:normal;font-weight:500;line-height:1.2\">Beklager! Skjemaet ble ikke sendt inn p\u00e5 riktig m\u00e5te. Sjekk feilene ovenfor.<\/p><\/div><\/div><\/form>","protected":false},"excerpt":{"rendered":"<p>Sliter du med ett eller flere av disse problemene? \u274cPartnerne dine bruker utdaterte sjekklister. \u274cDu mottar ufullstendige sjekklister. \u274cDu kan ikke lese h\u00e5ndskrevne kommentarer eller verdier. \u274cSliter du med \u00e5 holde sjekklistene dine oppdaterte for alle varianter p\u00e5 alle spr\u00e5k? Sammen med v\u00e5r partner flowdit.com st\u00f8tter vi deg i overgangen til digitale sjekklister. \u2705Sjekklistene oppdateres [&hellip;]<\/p>\n","protected":false},"author":1,"featured_media":0,"parent":477,"menu_order":0,"comment_status":"closed","ping_status":"closed","template":"","meta":{"footnotes":""},"class_list":["post-1104","page","type-page","status-publish","hentry"],"_links":{"self":[{"href":"https:\/\/ekorail.eu\/no\/wp-json\/wp\/v2\/pages\/1104","targetHints":{"allow":["GET"]}}],"collection":[{"href":"https:\/\/ekorail.eu\/no\/wp-json\/wp\/v2\/pages"}],"about":[{"href":"https:\/\/ekorail.eu\/no\/wp-json\/wp\/v2\/types\/page"}],"author":[{"embeddable":true,"href":"https:\/\/ekorail.eu\/no\/wp-json\/wp\/v2\/users\/1"}],"replies":[{"embeddable":true,"href":"https:\/\/ekorail.eu\/no\/wp-json\/wp\/v2\/comments?post=1104"}],"version-history":[{"count":2,"href":"https:\/\/ekorail.eu\/no\/wp-json\/wp\/v2\/pages\/1104\/revisions"}],"predecessor-version":[{"id":1107,"href":"https:\/\/ekorail.eu\/no\/wp-json\/wp\/v2\/pages\/1104\/revisions\/1107"}],"up":[{"embeddable":true,"href":"https:\/\/ekorail.eu\/no\/wp-json\/wp\/v2\/pages\/477"}],"wp:attachment":[{"href":"https:\/\/ekorail.eu\/no\/wp-json\/wp\/v2\/media?parent=1104"}],"curies":[{"name":"wp","href":"https:\/\/api.w.org\/{rel}","templated":true}]}}