{"id":484,"date":"2023-10-22T21:07:42","date_gmt":"2023-10-22T19:07:42","guid":{"rendered":"https:\/\/ekorail.eu\/loesungen\/esc-rueckwaertssuche-%f0%9f%94%84\/"},"modified":"2024-07-17T08:08:06","modified_gmt":"2024-07-17T06:08:06","slug":"esc-rueckwaertssuche-%f0%9f%94%84","status":"publish","type":"page","link":"https:\/\/ekorail.eu\/de\/digitalisierung\/esc-rueckwaertssuche-%f0%9f%94%84\/","title":{"rendered":"ESC R\u00fcckw\u00e4rtssuche \ud83d\udd04"},"content":{"rendered":"<p>Welcher ERATV-Typ eignet sich f\u00fcr Ihren bevorzugten ESC-Typ?  <br\/>Bitte vergessen Sie nicht, den Vollbildmodus einzuschalten, um die Benutzerfreundlichkeit zu erh\u00f6hen \u2922.<\/p><p>Diese Demo wird nicht mit den neuesten Daten aktualisiert. Bitte <a href=\"https:\/\/ekorail.eu\/contact\/\" data-type=\"page\" data-id=\"102\">kontaktieren Sie mich<\/a>, wenn Sie an einem Abonnement interessiert sind\ud83d\udc4d.<\/p><p align=\"center\"><iframe loading=\"lazy\" title=\"Abschnitt Bericht\" width=\"1000\" height=\"600\" src=\"https:\/\/app.powerbi.com\/view?r=eyJrIjoiZGIwNzFkODYtMDAxNC00MTcwLTgzNDAtMDIyMTY3MzRiZmQ1IiwidCI6IjM4YmJmMzBkLWFiMzktNDE4MS04MmExLWQ1NTFhYmVkMjIwMyJ9\" frameborder=\"0\" allowfullscreen=\"true\"><\/iframe><\/p><form method=\"post\" class=\"wp-block-gutena-forms gutena-forms-contact-form gutena_forms_ID_b7d8e3f92b_31102023135951 after_submit_message is-layout-flow wp-container-gutena-forms-is-layout-087378d9 wp-block-gutena-forms-is-layout-flow\" style=\"padding-top:2rem;padding-right:1.25rem;padding-bottom:5rem;padding-left:1.25rem\"><input type=\"hidden\" name=\"formid\" value=\"gutena_forms_ID_b7d8e3f92b_31102023135951\"\/><div class=\"wp-block-columns alignfull are-vertically-aligned-top is-layout-flex wp-container-core-columns-is-layout-28f84493 wp-block-columns-is-layout-flex\"><div class=\"wp-block-column is-vertically-aligned-top is-layout-flow wp-block-column-is-layout-flow\"><div class=\"wp-block-gutena-field-group is-layout-flow wp-block-gutena-field-group-is-layout-flow\"><div class=\"wp-block-group is-vertical is-layout-flex wp-container-core-group-is-layout-501cef26 wp-block-group-is-layout-flex\"><h3 class=\"wp-block-heading heading-input-label-gutena\">Vornamen<\/h3>\n\n<div class=\"gutena-forms-text-field field-name-first_name  wp-block-gutena-form-field\"><input \n\t\t\t\t name=\"first_name\" type=\"text\" class=\"gutena-forms-field text-field required-field  \" placeholder=\"Enter your first name\"  required \n\t\t\t\t\/><\/div><\/div>\n\n<p class=\"gutena-forms-field-error-msg\"><\/p><\/div><\/div>\n\n<div class=\"wp-block-column is-vertically-aligned-top is-layout-flow wp-block-column-is-layout-flow\"><div class=\"wp-block-gutena-field-group is-layout-flow wp-block-gutena-field-group-is-layout-flow\"><div class=\"wp-block-group is-vertical is-layout-flex wp-container-core-group-is-layout-501cef26 wp-block-group-is-layout-flex\"><h3 class=\"wp-block-heading heading-input-label-gutena\">Nachname<\/h3>\n\n<div class=\"gutena-forms-text-field field-name-last_name  wp-block-gutena-form-field\"><input \n\t\t\t\t name=\"last_name\" type=\"text\" class=\"gutena-forms-field text-field required-field  \" placeholder=\"Enter your last name\"  required \n\t\t\t\t\/><\/div><\/div>\n\n<p class=\"gutena-forms-field-error-msg\"><\/p><\/div><\/div><\/div>\n\n<div class=\"wp-block-columns alignfull are-vertically-aligned-top is-layout-flex wp-container-core-columns-is-layout-28f84493 wp-block-columns-is-layout-flex\"><div class=\"wp-block-column is-vertically-aligned-top is-layout-flow wp-block-column-is-layout-flow\"><div class=\"wp-block-gutena-field-group is-layout-flow wp-block-gutena-field-group-is-layout-flow\"><div class=\"wp-block-group is-vertical is-layout-flex wp-container-core-group-is-layout-501cef26 wp-block-group-is-layout-flex\"><h3 class=\"wp-block-heading heading-input-label-gutena\">Thema<\/h3>\n\n<div class=\"gutena-forms-text-field field-name-subject  wp-block-gutena-form-field\"><input \n\t\t\t\t name=\"subject\" type=\"text\" class=\"gutena-forms-field text-field required-field  \" placeholder=\"Subject\"  required \n\t\t\t\t\/><\/div><\/div>\n\n<p class=\"gutena-forms-field-error-msg\"><\/p><\/div><\/div>\n\n<div class=\"wp-block-column is-vertically-aligned-top is-layout-flow wp-block-column-is-layout-flow\"><div class=\"wp-block-gutena-field-group is-layout-flow wp-block-gutena-field-group-is-layout-flow\"><div class=\"wp-block-group is-vertical is-layout-flex wp-container-core-group-is-layout-501cef26 wp-block-group-is-layout-flex\"><h3 class=\"wp-block-heading heading-input-label-gutena\">E-Mail<\/h3>\n\n<div class=\"gutena-forms-email-field field-name-email  wp-block-gutena-form-field\"><input \n\t\t\t\t name=\"email\" type=\"email\" class=\"gutena-forms-field email-field required-field  \" placeholder=\"example@gmail.com\"  required \n\t\t\t\t\/><\/div><\/div>\n\n<p class=\"gutena-forms-field-error-msg\"><\/p><\/div><\/div><\/div>\n\n<div class=\"wp-block-columns alignfull are-vertically-aligned-top is-layout-flex wp-container-core-columns-is-layout-28f84493 wp-block-columns-is-layout-flex\"><div class=\"wp-block-column is-vertically-aligned-top is-layout-flow wp-block-column-is-layout-flow\"><div class=\"wp-block-gutena-field-group is-layout-flow wp-block-gutena-field-group-is-layout-flow\"><div class=\"wp-block-group is-vertical is-layout-flex wp-container-core-group-is-layout-501cef26 wp-block-group-is-layout-flex\"><h3 class=\"wp-block-heading heading-input-label-gutena\">Nachricht<\/h3>\n\n<div class=\"gutena-forms-textarea-field field-name-message  wp-block-gutena-form-field\"><textarea \n\t\t\t\t name=\"message\" rows=\"5\" class=\"gutena-forms-field textarea-field required-field  \" placeholder=\"Type here\"  required \n\t\t\t\t><\/textarea><\/div><\/div>\n\n<p class=\"gutena-forms-field-error-msg\"><\/p><\/div><\/div><\/div>\n\n<div class=\"wp-block-columns alignfull are-vertically-aligned-top is-layout-flex wp-container-core-columns-is-layout-28f84493 wp-block-columns-is-layout-flex\"><div class=\"wp-block-column is-vertically-aligned-top is-layout-flow wp-block-column-is-layout-flow\"><div class=\"wp-block-buttons gutena-forms-submit-buttons is-layout-flex wp-block-buttons-is-layout-flex\"><div class=\"wp-block-button gutena-forms-submit-button\"><button class=\"wp-block-button__link wp-element-button\">Einreichen<\/button><\/div><\/div><\/div><\/div>\n\n<div class=\"wp-block-gutena-form-confirm-msg alignfull is-layout-flow wp-block-gutena-form-confirm-msg-is-layout-flow\"><div class=\"wp-block-group has-background is-content-justification-left is-nowrap is-layout-flex wp-container-core-group-is-layout-385d3396 wp-block-group-is-layout-flex\" style=\"border-radius:5px;background-color:#d8eacc;padding-top:12px;padding-right:12px;padding-bottom:12px;padding-left:12px\"><figure class=\"wp-block-image size-large form-message-icon\"><img decoding=\"async\" src=\"data:image\/svg+xml;base64,PHN2ZyB3aWR0aD0iMTYiIGhlaWdodD0iMTYiIHZpZXdCb3g9IjAgMCAxNiAxNiIgZmlsbD0ibm9uZSIgeG1sbnM9Imh0dHA6Ly93d3cudzMub3JnLzIwMDAvc3ZnIj4KPHBhdGggZD0iTTggMTZDMy41ODE2IDE2IDAgMTIuNDE4NCAwIDhDMCAzLjU4MTYgMy41ODE2IDAgOCAwQzEyLjQxODQgMCAxNiAzLjU4MTYgMTYgOEMxNiAxMi40MTg0IDEyLjQxODQgMTYgOCAxNlpNOCAxNC40QzkuNjk3MzkgMTQuNCAxMS4zMjUzIDEzLjcyNTcgMTIuNTI1NSAxMi41MjU1QzEzLjcyNTcgMTEuMzI1MyAxNC40IDkuNjk3MzkgMTQuNCA4QzE0LjQgNi4zMDI2MSAxMy43MjU3IDQuNjc0NzUgMTIuNTI1NSAzLjQ3NDUyQzExLjMyNTMgMi4yNzQyOCA5LjY5NzM5IDEuNiA4IDEuNkM2LjMwMjYxIDEuNiA0LjY3NDc1IDIuMjc0MjggMy40NzQ1MiAzLjQ3NDUyQzIuMjc0MjggNC42NzQ3NSAxLjYgNi4zMDI2MSAxLjYgOEMxLjYgOS42OTczOSAyLjI3NDI4IDExLjMyNTMgMy40NzQ1MiAxMi41MjU1QzQuNjc0NzUgMTMuNzI1NyA2LjMwMjYxIDE0LjQgOCAxNC40Wk03LjIwMjQgMTEuMkwzLjgwOCA3LjgwNTZMNC45MzkyIDYuNjc0NEw3LjIwMjQgOC45Mzc2TDExLjcyNzIgNC40MTJMMTIuODU5MiA1LjU0MzJMNy4yMDI0IDExLjJaIiBmaWxsPSIjNDY4NDFFIi8+Cjwvc3ZnPgo=\" alt=\"Erfolg\" class=\"wp-image-3811\"\/><\/figure>\n\n<p class=\"has-black-color has-text-color has-tiny-font-size\" style=\"font-size:12px;font-style:normal;font-weight:500;line-height:1.2\">Ihr Formular wurde erfolgreich \u00fcbermittelt!<\/p><\/div><\/div>\n\n<div class=\"wp-block-gutena-form-error-msg alignfull is-layout-flow wp-block-gutena-form-error-msg-is-layout-flow\"><div class=\"wp-block-group has-background is-content-justification-left is-nowrap is-layout-flex wp-container-core-group-is-layout-385d3396 wp-block-group-is-layout-flex\" style=\"border-radius:5px;background-color:#ffd3d3;padding-top:12px;padding-right:12px;padding-bottom:12px;padding-left:12px\"><figure class=\"wp-block-image size-large form-message-icon\"><img decoding=\"async\" src=\"data:image\/svg+xml;base64,PHN2ZyB3aWR0aD0iMTYiIGhlaWdodD0iMTYiIHZpZXdCb3g9IjAgMCAxNiAxNiIgZmlsbD0ibm9uZSIgeG1sbnM9Imh0dHA6Ly93d3cudzMub3JnLzIwMDAvc3ZnIj4KPHBhdGggZD0iTTggMTZDMy41ODE2IDE2IDAgMTIuNDE4NCAwIDhDMCAzLjU4MTYgMy41ODE2IDAgOCAwQzEyLjQxODQgMCAxNiAzLjU4MTYgMTYgOEMxNiAxMi40MTg0IDEyLjQxODQgMTYgOCAxNlpNOCAxNC40QzkuNjk3MzkgMTQuNCAxMS4zMjUzIDEzLjcyNTcgMTIuNTI1NSAxMi41MjU1QzEzLjcyNTcgMTEuMzI1MyAxNC40IDkuNjk3MzkgMTQuNCA4QzE0LjQgNi4zMDI2MSAxMy43MjU3IDQuNjc0NzUgMTIuNTI1NSAzLjQ3NDUyQzExLjMyNTMgMi4yNzQyOCA5LjY5NzM5IDEuNiA4IDEuNkM2LjMwMjYxIDEuNiA0LjY3NDc1IDIuMjc0MjggMy40NzQ1MiAzLjQ3NDUyQzIuMjc0MjggNC42NzQ3NSAxLjYgNi4zMDI2MSAxLjYgOEMxLjYgOS42OTczOSAyLjI3NDI4IDExLjMyNTMgMy40NzQ1MiAxMi41MjU1QzQuNjc0NzUgMTMuNzI1NyA2LjMwMjYxIDE0LjQgOCAxNC40Wk03LjIgMTAuNEg4LjhWMTJINy4yVjEwLjRaTTcuMiA0SDguOFY4LjhINy4yVjRaIiBmaWxsPSIjQzUxOTE5Ii8+Cjwvc3ZnPgo=\" alt=\"Fehler\" class=\"wp-image-3811\"\/><\/figure>\n\n<p class=\"gutena-forms-error-text has-black-color has-text-color\" style=\"font-size:12px;font-style:normal;font-weight:500;line-height:1.2\">Ihr Formular wurde nicht korrekt \u00fcbermittelt. Bitte \u00fcberpr\u00fcfen Sie die oben genannten Fehler.<\/p><\/div><\/div><\/form>","protected":false},"excerpt":{"rendered":"<p>Welcher ERATV-Typ eignet sich f\u00fcr Ihren bevorzugten ESC-Typ? Bitte vergessen Sie nicht, den Vollbildmodus einzuschalten, um die Benutzerfreundlichkeit zu erh\u00f6hen \u2922. Diese Demo wird nicht mit den neuesten Daten aktualisiert. Bitte kontaktieren Sie mich, wenn Sie an einem Abonnement interessiert sind\ud83d\udc4d.<\/p>\n","protected":false},"author":1,"featured_media":0,"parent":475,"menu_order":0,"comment_status":"closed","ping_status":"closed","template":"","meta":{"footnotes":""},"class_list":["post-484","page","type-page","status-publish","hentry"],"_links":{"self":[{"href":"https:\/\/ekorail.eu\/de\/wp-json\/wp\/v2\/pages\/484","targetHints":{"allow":["GET"]}}],"collection":[{"href":"https:\/\/ekorail.eu\/de\/wp-json\/wp\/v2\/pages"}],"about":[{"href":"https:\/\/ekorail.eu\/de\/wp-json\/wp\/v2\/types\/page"}],"author":[{"embeddable":true,"href":"https:\/\/ekorail.eu\/de\/wp-json\/wp\/v2\/users\/1"}],"replies":[{"embeddable":true,"href":"https:\/\/ekorail.eu\/de\/wp-json\/wp\/v2\/comments?post=484"}],"version-history":[{"count":1,"href":"https:\/\/ekorail.eu\/de\/wp-json\/wp\/v2\/pages\/484\/revisions"}],"predecessor-version":[{"id":485,"href":"https:\/\/ekorail.eu\/de\/wp-json\/wp\/v2\/pages\/484\/revisions\/485"}],"up":[{"embeddable":true,"href":"https:\/\/ekorail.eu\/de\/wp-json\/wp\/v2\/pages\/475"}],"wp:attachment":[{"href":"https:\/\/ekorail.eu\/de\/wp-json\/wp\/v2\/media?parent=484"}],"curies":[{"name":"wp","href":"https:\/\/api.w.org\/{rel}","templated":true}]}}