{"id":481,"date":"2023-10-31T14:13:16","date_gmt":"2023-10-31T13:13:16","guid":{"rendered":"https:\/\/ekorail.eu\/loesungen\/eratv-watch-%f0%9f%91%80\/"},"modified":"2023-11-13T09:03:26","modified_gmt":"2023-11-13T08:03:26","slug":"eratv-watch-%f0%9f%91%80","status":"publish","type":"page","link":"https:\/\/ekorail.eu\/de\/digitalisierung\/eratv-watch-%f0%9f%91%80\/","title":{"rendered":"ERATV-Benachrichtigungen\ud83d\udce7"},"content":{"rendered":"<p>Wir \u00fcberwachen die ERATV-Datenbank und benachrichtigen Sie per E-Mail, sobald ein ERATV-Eintrag ge\u00e4ndert oder aktualisiert wird &#8211; basierend auf Ihren Suchkriterien.<\/p><p>Ihre Schlagworte k\u00f6nnten lauten:  <\/p><ul class=\"wp-block-list\"><li>Siemens<\/li>\n\n<li>Traxx<\/li>\n\n<li>Eurodual<\/li>\n\n<li>11-054-0010*<\/li>\n\n<li>ESC-PL-06-L2<\/li>\n\n<li>ESC-SE<\/li>\n\n<li>&#8230;<\/li><\/ul><p>Interessiert? <a href=\"https:\/\/ekorail.eu\/contact\/\" data-type=\"page\" data-id=\"102\">Kontaktieren Sie mich<\/a> \ud83d\udc4d.<\/p>","protected":false},"excerpt":{"rendered":"<p>Wir \u00fcberwachen die ERATV-Datenbank und benachrichtigen Sie per E-Mail, sobald ein ERATV-Eintrag ge\u00e4ndert oder aktualisiert wird &#8211; basierend auf Ihren Suchkriterien. Ihre Schlagworte k\u00f6nnten lauten: Interessiert? Kontaktieren Sie mich \ud83d\udc4d.<\/p>\n","protected":false},"author":1,"featured_media":0,"parent":475,"menu_order":0,"comment_status":"closed","ping_status":"closed","template":"","meta":{"footnotes":""},"class_list":["post-481","page","type-page","status-publish","hentry"],"_links":{"self":[{"href":"https:\/\/ekorail.eu\/de\/wp-json\/wp\/v2\/pages\/481","targetHints":{"allow":["GET"]}}],"collection":[{"href":"https:\/\/ekorail.eu\/de\/wp-json\/wp\/v2\/pages"}],"about":[{"href":"https:\/\/ekorail.eu\/de\/wp-json\/wp\/v2\/types\/page"}],"author":[{"embeddable":true,"href":"https:\/\/ekorail.eu\/de\/wp-json\/wp\/v2\/users\/1"}],"replies":[{"embeddable":true,"href":"https:\/\/ekorail.eu\/de\/wp-json\/wp\/v2\/comments?post=481"}],"version-history":[{"count":4,"href":"https:\/\/ekorail.eu\/de\/wp-json\/wp\/v2\/pages\/481\/revisions"}],"predecessor-version":[{"id":500,"href":"https:\/\/ekorail.eu\/de\/wp-json\/wp\/v2\/pages\/481\/revisions\/500"}],"up":[{"embeddable":true,"href":"https:\/\/ekorail.eu\/de\/wp-json\/wp\/v2\/pages\/475"}],"wp:attachment":[{"href":"https:\/\/ekorail.eu\/de\/wp-json\/wp\/v2\/media?parent=481"}],"curies":[{"name":"wp","href":"https:\/\/api.w.org\/{rel}","templated":true}]}}